{"id":668,"date":"2021-03-10T13:38:13","date_gmt":"2021-03-10T11:38:13","guid":{"rendered":"https:\/\/cadouri.produseargan.ro\/?page_id=668"},"modified":"2021-03-10T13:38:13","modified_gmt":"2021-03-10T11:38:13","slug":"livrare-si-retur","status":"publish","type":"page","link":"https:\/\/cadouri.produseargan.ro\/en\/livrare-si-retur\/","title":{"rendered":"Livrare \u0219i Retur"},"content":{"rendered":"<p>[et_pb_section fb_built=&#8221;1&#8243; _builder_version=&#8221;4.9.1&#8243; _module_preset=&#8221;default&#8221;][et_pb_row _builder_version=&#8221;4.9.1&#8243; _module_preset=&#8221;default&#8221;][et_pb_column _builder_version=&#8221;4.9.1&#8243; _module_preset=&#8221;default&#8221; type=&#8221;4_4&#8243;][et_pb_text _builder_version=&#8221;4.9.1&#8243; _module_preset=&#8221;default&#8221; hover_enabled=&#8221;0&#8243; sticky_enabled=&#8221;0&#8243;]<\/p>\n<h1 style=\"text-align: center;\"><strong>Livrare \u0219i Retur<\/strong><\/h1>\n<p>[\/et_pb_text][\/et_pb_column][\/et_pb_row][et_pb_row _builder_version=&#8221;4.9.1&#8243; _module_preset=&#8221;default&#8221;][et_pb_column _builder_version=&#8221;4.9.1&#8243; _module_preset=&#8221;default&#8221; type=&#8221;4_4&#8243;][et_pb_text _builder_version=&#8221;4.9.1&#8243; _module_preset=&#8221;default&#8221; hover_enabled=&#8221;0&#8243; sticky_enabled=&#8221;0&#8243;]<\/p>\n<p style=\"text-align: justify;\"><strong>LIVRARE<\/strong><br \/>Produsele afi\u0219ate pe cadouri.produseargan.ro se livreaz\u0103 oriunde \u00een Rom\u00e2nia.<\/p>\n<p style=\"text-align: justify;\">Odat\u0103 plasat\u0103 o comand\u0103, trimitem un email, pe adresa indicat\u0103 \u00een procesul de finalizare a comenzii, prin care confirm\u0103m primirea \u0219i \u00eenregistrarea acesteia. Comanda este ulterior procesat\u0103 \u0219i trimitem un nou email atunci c\u00e2nd este pleac\u0103 din depozitul IMOGLOBAL INTERTRADE S.R.L. c\u0103tre adresa de livrare.<\/p>\n<p style=\"text-align: justify;\">\u00cen condi\u021bii normale, livrarea comenzilor dureaz\u0103 p\u00e2n\u0103 la 7 zile lucr\u0103toare pentru produsele care se afl\u0103 \u00een stoc. \u00cen cazul comenzilor speciale sau precomenzilor pentru produse care nu se afl\u0103 \u00een stoc la momentul comenzii, termenul de livrare va fi comunicat de IMOGLOBAL INTERTRADE S.R.L., urm\u00e2nd a fi confirmat de cump\u0103r\u0103tor \u00een vederea finaliz\u0103rii comenzii.<\/p>\n<p style=\"text-align: justify;\">Pentru transport folosim serviciile de curierat ale DPD, care te vor contacta \u00een vederea livr\u0103rii.<\/p>\n<p style=\"text-align: justify;\"><strong>RETUR<\/strong><br \/>Produsele IMOGLOBAL INTERTRADE S.R.L. pot fi returnate \u00een termen de 14 zile calendaristice de la livrare, f\u0103r\u0103 a invoca niciun motiv \u0219i f\u0103r\u0103 alte costuri \u00een afar\u0103 de cele de livrare.<\/p>\n<p style=\"text-align: justify;\">Pentru returnare, este necesar\u0103 transmiterea unui email la adresa office@produseargan.ro, \u00een care s\u0103 fie indicat\u0103 explicit solicitarea de retur. Ulterior receptionarii e-mailului privind retragerea, IMOGLOBAL INTERTRADE S.R.L. va comunica consumatorului un formular de retragere pe care consumatorul il va completa si retrimite pe adresa de e-mail office@produseargan.ro, semnat olograf sau digital. Trimiterea formularului este foarte importanta deoarece cuprinde toate informatiile privind procedura de returnare si restituire a platii.<\/p>\n<p style=\"text-align: justify;\">Contravaloarea produselor returnate va fi rambursat\u0103 \u00een termen de maximum 14 zile calendaristice de la data solicit\u0103rii de retur materializata prin transmiterea formularului. Rambursarea se face prin restituire \u00een cont bancar pentru comenzile achitate prin card sau prin virament bancar pentru comenzile achitate ramburs \u00een numerar. La alegere, restituirea se poate face \u0219i sub forma unui voucher electronic.<\/p>\n<p style=\"text-align: justify;\">Conform OUG 34\/2014, art.16, produsele deteriorate sau cu urme vizibile de utilizare nu vor fi acceptate. Returul se va efectua integral: cutie, materialele informative din interior. Atat cutia produselor \u2013 cutie din materiale de calitate reutilizabila\/ cadou, daca este cazul, cat si materialele informative au valoare comerciala si vor fi restituite.\u00a0<\/p>\n<p style=\"text-align: justify;\">In masura in care consumatorul nu invoca defecte ale produsului\/ produselor, costurile de retur sunt in sarcina sa. Returul fara motive invocate se va efectua prin compania de curierat agreata de catre IMOGLOBAL INTERTRADE S.R.L. sau prin orice societate de curierat \/ postala agreata de catre consumator, urmand ca Consumatorul sa achite contravaloarea transportului.<\/p>\n<p style=\"text-align: justify;\">Costurile directe legate de returnarea produselor vor fi suportate de catre cumparator si pot fi influentate de dimensiunea si greutatea produselor returnate. In orice situatie acestea nu ar trebui sa depaseasca 30 lei, indiferent de compania de curierat agreata. Produsele pot fi returnate si prin Posta Romana.<\/p>\n<p style=\"text-align: justify;\">Suplimentar, consumatorul este responsabil si de:<\/p>\n<ul>\n<li style=\"text-align: justify;\">costurile suplimentare celor comunicare mai sus, pe care le implica un alt tip de livrare decat cea standard indicata de IMOGLOBAL INTERTRADE S.R.L., atunci cand exista aceasta optiune.<\/li>\n<li style=\"text-align: justify;\">diminuarea valorii produselor returnate, rezultata din manipularea acestora.<\/li>\n<\/ul>\n<p>[\/et_pb_text][\/et_pb_column][\/et_pb_row][\/et_pb_section]<\/p>\n","protected":false},"excerpt":{"rendered":"<p>[et_pb_section fb_built=&#8221;1&#8243; _builder_version=&#8221;4.9.1&#8243; _module_preset=&#8221;default&#8221;][et_pb_row _builder_version=&#8221;4.9.1&#8243; _module_preset=&#8221;default&#8221;][et_pb_column _builder_version=&#8221;4.9.1&#8243; _module_preset=&#8221;default&#8221; type=&#8221;4_4&#8243;][et_pb_text _builder_version=&#8221;4.9.1&#8243; _module_preset=&#8221;default&#8221; hover_enabled=&#8221;0&#8243; sticky_enabled=&#8221;0&#8243;] Livrare \u0219i Retur [\/et_pb_text][\/et_pb_column][\/et_pb_row][et_pb_row _builder_version=&#8221;4.9.1&#8243; _module_preset=&#8221;default&#8221;][et_pb_column _builder_version=&#8221;4.9.1&#8243; _module_preset=&#8221;default&#8221; type=&#8221;4_4&#8243;][et_pb_text _builder_version=&#8221;4.9.1&#8243; _module_preset=&#8221;default&#8221; hover_enabled=&#8221;0&#8243; sticky_enabled=&#8221;0&#8243;] LIVRAREProdusele afi\u0219ate pe cadouri.produseargan.ro se livreaz\u0103 oriunde \u00een Rom\u00e2nia. Odat\u0103 plasat\u0103 o comand\u0103, trimitem un email, pe adresa indicat\u0103 \u00een procesul de finalizare a comenzii, prin care confirm\u0103m primirea [&hellip;]<\/p>\n","protected":false},"author":1,"featured_media":0,"parent":0,"menu_order":0,"comment_status":"closed","ping_status":"closed","template":"","meta":{"footnotes":""},"yoast_head":"<!-- This site is optimized with the Yoast SEO plugin v24.5 - https:\/\/yoast.com\/wordpress\/plugins\/seo\/ -->\n<title>Livrare \u0219i Retur - Produse \u0219i seturi cadou pe baz\u0103 de ulei de argan.<\/title>\n<meta name=\"robots\" content=\"index, follow, max-snippet:-1, max-image-preview:large, max-video-preview:-1\" \/>\n<link rel=\"canonical\" href=\"https:\/\/cadouri.produseargan.ro\/en\/livrare-si-retur\/\" \/>\n<meta property=\"og:locale\" content=\"en_US\" \/>\n<meta property=\"og:type\" content=\"article\" \/>\n<meta property=\"og:title\" content=\"Livrare \u0219i Retur - Produse \u0219i seturi cadou pe baz\u0103 de ulei de argan.\" \/>\n<meta property=\"og:description\" content=\"[et_pb_section fb_built=&#8221;1&#8243; _builder_version=&#8221;4.9.1&#8243; _module_preset=&#8221;default&#8221;][et_pb_row _builder_version=&#8221;4.9.1&#8243; _module_preset=&#8221;default&#8221;][et_pb_column _builder_version=&#8221;4.9.1&#8243; _module_preset=&#8221;default&#8221; type=&#8221;4_4&#8243;][et_pb_text _builder_version=&#8221;4.9.1&#8243; _module_preset=&#8221;default&#8221; hover_enabled=&#8221;0&#8243; sticky_enabled=&#8221;0&#8243;] Livrare \u0219i Retur [\/et_pb_text][\/et_pb_column][\/et_pb_row][et_pb_row _builder_version=&#8221;4.9.1&#8243; _module_preset=&#8221;default&#8221;][et_pb_column _builder_version=&#8221;4.9.1&#8243; _module_preset=&#8221;default&#8221; type=&#8221;4_4&#8243;][et_pb_text _builder_version=&#8221;4.9.1&#8243; _module_preset=&#8221;default&#8221; hover_enabled=&#8221;0&#8243; sticky_enabled=&#8221;0&#8243;] LIVRAREProdusele afi\u0219ate pe cadouri.produseargan.ro se livreaz\u0103 oriunde \u00een Rom\u00e2nia. Odat\u0103 plasat\u0103 o comand\u0103, trimitem un email, pe adresa indicat\u0103 \u00een procesul de finalizare a comenzii, prin care confirm\u0103m primirea [&hellip;]\" \/>\n<meta property=\"og:url\" content=\"https:\/\/cadouri.produseargan.ro\/en\/livrare-si-retur\/\" \/>\n<meta property=\"og:site_name\" content=\"Produse \u0219i seturi cadou pe baz\u0103 de ulei de argan.\" \/>\n<meta property=\"article:publisher\" content=\"https:\/\/www.facebook.com\/produseargan\" \/>\n<meta name=\"twitter:card\" content=\"summary_large_image\" \/>\n<meta name=\"twitter:label1\" content=\"Est. reading time\" \/>\n\t<meta name=\"twitter:data1\" content=\"3 minutes\" \/>\n<script type=\"application\/ld+json\" class=\"yoast-schema-graph\">{\"@context\":\"https:\/\/schema.org\",\"@graph\":[{\"@type\":\"WebPage\",\"@id\":\"https:\/\/cadouri.produseargan.ro\/livrare-si-retur\/\",\"url\":\"https:\/\/cadouri.produseargan.ro\/livrare-si-retur\/\",\"name\":\"Livrare \u0219i Retur - Produse \u0219i seturi cadou pe baz\u0103 de ulei de argan.\",\"isPartOf\":{\"@id\":\"https:\/\/cadouri.produseargan.ro\/#website\"},\"datePublished\":\"2021-03-10T11:38:13+00:00\",\"breadcrumb\":{\"@id\":\"https:\/\/cadouri.produseargan.ro\/livrare-si-retur\/#breadcrumb\"},\"inLanguage\":\"en-US\",\"potentialAction\":[{\"@type\":\"ReadAction\",\"target\":[\"https:\/\/cadouri.produseargan.ro\/livrare-si-retur\/\"]}]},{\"@type\":\"BreadcrumbList\",\"@id\":\"https:\/\/cadouri.produseargan.ro\/livrare-si-retur\/#breadcrumb\",\"itemListElement\":[{\"@type\":\"ListItem\",\"position\":1,\"name\":\"Home\",\"item\":\"https:\/\/cadouri.produseargan.ro\/\"},{\"@type\":\"ListItem\",\"position\":2,\"name\":\"Livrare \u0219i Retur\"}]},{\"@type\":\"WebSite\",\"@id\":\"https:\/\/cadouri.produseargan.ro\/#website\",\"url\":\"https:\/\/cadouri.produseargan.ro\/\",\"name\":\"Produse \u0219i seturi cadou pe baz\u0103 de ulei de argan.\",\"description\":\"Produse \u00eenfrumuse\u021bare \u0219i seturi cadou cosmetice.\",\"publisher\":{\"@id\":\"https:\/\/cadouri.produseargan.ro\/#organization\"},\"potentialAction\":[{\"@type\":\"SearchAction\",\"target\":{\"@type\":\"EntryPoint\",\"urlTemplate\":\"https:\/\/cadouri.produseargan.ro\/?s={search_term_string}\"},\"query-input\":{\"@type\":\"PropertyValueSpecification\",\"valueRequired\":true,\"valueName\":\"search_term_string\"}}],\"inLanguage\":\"en-US\"},{\"@type\":\"Organization\",\"@id\":\"https:\/\/cadouri.produseargan.ro\/#organization\",\"name\":\"Produse \u0219i seturi cadou pe baz\u0103 de ulei de argan.\",\"url\":\"https:\/\/cadouri.produseargan.ro\/\",\"logo\":{\"@type\":\"ImageObject\",\"inLanguage\":\"en-US\",\"@id\":\"https:\/\/cadouri.produseargan.ro\/#\/schema\/logo\/image\/\",\"url\":\"https:\/\/cadouri.produseargan.ro\/wp-content\/uploads\/2020\/11\/logo_site_produse_argan-01.png\",\"contentUrl\":\"https:\/\/cadouri.produseargan.ro\/wp-content\/uploads\/2020\/11\/logo_site_produse_argan-01.png\",\"width\":851,\"height\":284,\"caption\":\"Produse \u0219i seturi cadou pe baz\u0103 de ulei de argan.\"},\"image\":{\"@id\":\"https:\/\/cadouri.produseargan.ro\/#\/schema\/logo\/image\/\"},\"sameAs\":[\"https:\/\/www.facebook.com\/produseargan\"]}]}<\/script>\n<!-- \/ Yoast SEO plugin. -->","yoast_head_json":{"title":"Livrare \u0219i Retur - Produse \u0219i seturi cadou pe baz\u0103 de ulei de argan.","robots":{"index":"index","follow":"follow","max-snippet":"max-snippet:-1","max-image-preview":"max-image-preview:large","max-video-preview":"max-video-preview:-1"},"canonical":"https:\/\/cadouri.produseargan.ro\/en\/livrare-si-retur\/","og_locale":"en_US","og_type":"article","og_title":"Livrare \u0219i Retur - Produse \u0219i seturi cadou pe baz\u0103 de ulei de argan.","og_description":"[et_pb_section fb_built=&#8221;1&#8243; _builder_version=&#8221;4.9.1&#8243; _module_preset=&#8221;default&#8221;][et_pb_row _builder_version=&#8221;4.9.1&#8243; _module_preset=&#8221;default&#8221;][et_pb_column _builder_version=&#8221;4.9.1&#8243; _module_preset=&#8221;default&#8221; type=&#8221;4_4&#8243;][et_pb_text _builder_version=&#8221;4.9.1&#8243; _module_preset=&#8221;default&#8221; hover_enabled=&#8221;0&#8243; sticky_enabled=&#8221;0&#8243;] Livrare \u0219i Retur [\/et_pb_text][\/et_pb_column][\/et_pb_row][et_pb_row _builder_version=&#8221;4.9.1&#8243; _module_preset=&#8221;default&#8221;][et_pb_column _builder_version=&#8221;4.9.1&#8243; _module_preset=&#8221;default&#8221; type=&#8221;4_4&#8243;][et_pb_text _builder_version=&#8221;4.9.1&#8243; _module_preset=&#8221;default&#8221; hover_enabled=&#8221;0&#8243; sticky_enabled=&#8221;0&#8243;] LIVRAREProdusele afi\u0219ate pe cadouri.produseargan.ro se livreaz\u0103 oriunde \u00een Rom\u00e2nia. Odat\u0103 plasat\u0103 o comand\u0103, trimitem un email, pe adresa indicat\u0103 \u00een procesul de finalizare a comenzii, prin care confirm\u0103m primirea [&hellip;]","og_url":"https:\/\/cadouri.produseargan.ro\/en\/livrare-si-retur\/","og_site_name":"Produse \u0219i seturi cadou pe baz\u0103 de ulei de argan.","article_publisher":"https:\/\/www.facebook.com\/produseargan","twitter_card":"summary_large_image","twitter_misc":{"Est. reading time":"3 minutes"},"schema":{"@context":"https:\/\/schema.org","@graph":[{"@type":"WebPage","@id":"https:\/\/cadouri.produseargan.ro\/livrare-si-retur\/","url":"https:\/\/cadouri.produseargan.ro\/livrare-si-retur\/","name":"Livrare \u0219i Retur - Produse \u0219i seturi cadou pe baz\u0103 de ulei de argan.","isPartOf":{"@id":"https:\/\/cadouri.produseargan.ro\/#website"},"datePublished":"2021-03-10T11:38:13+00:00","breadcrumb":{"@id":"https:\/\/cadouri.produseargan.ro\/livrare-si-retur\/#breadcrumb"},"inLanguage":"en-US","potentialAction":[{"@type":"ReadAction","target":["https:\/\/cadouri.produseargan.ro\/livrare-si-retur\/"]}]},{"@type":"BreadcrumbList","@id":"https:\/\/cadouri.produseargan.ro\/livrare-si-retur\/#breadcrumb","itemListElement":[{"@type":"ListItem","position":1,"name":"Home","item":"https:\/\/cadouri.produseargan.ro\/"},{"@type":"ListItem","position":2,"name":"Livrare \u0219i Retur"}]},{"@type":"WebSite","@id":"https:\/\/cadouri.produseargan.ro\/#website","url":"https:\/\/cadouri.produseargan.ro\/","name":"Produse \u0219i seturi cadou pe baz\u0103 de ulei de argan.","description":"Produse \u00eenfrumuse\u021bare \u0219i seturi cadou cosmetice.","publisher":{"@id":"https:\/\/cadouri.produseargan.ro\/#organization"},"potentialAction":[{"@type":"SearchAction","target":{"@type":"EntryPoint","urlTemplate":"https:\/\/cadouri.produseargan.ro\/?s={search_term_string}"},"query-input":{"@type":"PropertyValueSpecification","valueRequired":true,"valueName":"search_term_string"}}],"inLanguage":"en-US"},{"@type":"Organization","@id":"https:\/\/cadouri.produseargan.ro\/#organization","name":"Produse \u0219i seturi cadou pe baz\u0103 de ulei de argan.","url":"https:\/\/cadouri.produseargan.ro\/","logo":{"@type":"ImageObject","inLanguage":"en-US","@id":"https:\/\/cadouri.produseargan.ro\/#\/schema\/logo\/image\/","url":"https:\/\/cadouri.produseargan.ro\/wp-content\/uploads\/2020\/11\/logo_site_produse_argan-01.png","contentUrl":"https:\/\/cadouri.produseargan.ro\/wp-content\/uploads\/2020\/11\/logo_site_produse_argan-01.png","width":851,"height":284,"caption":"Produse \u0219i seturi cadou pe baz\u0103 de ulei de argan."},"image":{"@id":"https:\/\/cadouri.produseargan.ro\/#\/schema\/logo\/image\/"},"sameAs":["https:\/\/www.facebook.com\/produseargan"]}]}},"_links":{"self":[{"href":"https:\/\/cadouri.produseargan.ro\/en\/wp-json\/wp\/v2\/pages\/668"}],"collection":[{"href":"https:\/\/cadouri.produseargan.ro\/en\/wp-json\/wp\/v2\/pages"}],"about":[{"href":"https:\/\/cadouri.produseargan.ro\/en\/wp-json\/wp\/v2\/types\/page"}],"author":[{"embeddable":true,"href":"https:\/\/cadouri.produseargan.ro\/en\/wp-json\/wp\/v2\/users\/1"}],"replies":[{"embeddable":true,"href":"https:\/\/cadouri.produseargan.ro\/en\/wp-json\/wp\/v2\/comments?post=668"}],"version-history":[{"count":2,"href":"https:\/\/cadouri.produseargan.ro\/en\/wp-json\/wp\/v2\/pages\/668\/revisions"}],"predecessor-version":[{"id":671,"href":"https:\/\/cadouri.produseargan.ro\/en\/wp-json\/wp\/v2\/pages\/668\/revisions\/671"}],"wp:attachment":[{"href":"https:\/\/cadouri.produseargan.ro\/en\/wp-json\/wp\/v2\/media?parent=668"}],"curies":[{"name":"wp","href":"https:\/\/api.w.org\/{rel}","templated":true}]}}